{"id":18,"date":"2019-11-27T08:04:08","date_gmt":"2019-11-27T08:04:08","guid":{"rendered":"http:\/\/www.spisamatbar.se\/?page_id=18"},"modified":"2019-12-20T08:55:37","modified_gmt":"2019-12-20T08:55:37","slug":"lunch","status":"publish","type":"page","link":"https:\/\/www.spisamatbar.se\/?page_id=18","title":{"rendered":"Lunch"},"content":{"rendered":"\n<p>Letar du efter en god lunch i n\u00e4rheten av ditt hem eller jobb. \u00c4ven h\u00e4r kan man anv\u00e4nda sig av olika s\u00f6ktj\u00e4nster f\u00f6r att hitta restauranger i n\u00e4rheten. Det \u00e4r inte alla som serverar lunch utan en del erbjuder endast middag. Genom google maps eller tripadvisor kan du d\u00e5 snabbt se vilka i ditt omr\u00e5de som serverar lunch. <\/p>\n\n\n\n<p>F\u00f6r att hitta lunchmenyer f\u00e5r du g\u00e5 in p\u00e5 restaurangens egen sida f\u00f6r att se om de har n\u00e5gon specifik lunchmeny att erbjuda. <br><\/p>\n","protected":false},"excerpt":{"rendered":"<p>Letar du efter en god lunch i n\u00e4rheten av ditt hem eller jobb. \u00c4ven h\u00e4r kan man anv\u00e4nda sig av olika s\u00f6ktj\u00e4nster [&hellip;]<\/p>\n","protected":false},"author":1,"featured_media":0,"parent":0,"menu_order":0,"comment_status":"closed","ping_status":"closed","template":"page-templates\/page_fullwidth.php","meta":{"footnotes":""},"class_list":["post-18","page","type-page","status-publish","hentry"],"_links":{"self":[{"href":"https:\/\/www.spisamatbar.se\/index.php?rest_route=\/wp\/v2\/pages\/18","targetHints":{"allow":["GET"]}}],"collection":[{"href":"https:\/\/www.spisamatbar.se\/index.php?rest_route=\/wp\/v2\/pages"}],"about":[{"href":"https:\/\/www.spisamatbar.se\/index.php?rest_route=\/wp\/v2\/types\/page"}],"author":[{"embeddable":true,"href":"https:\/\/www.spisamatbar.se\/index.php?rest_route=\/wp\/v2\/users\/1"}],"replies":[{"embeddable":true,"href":"https:\/\/www.spisamatbar.se\/index.php?rest_route=%2Fwp%2Fv2%2Fcomments&post=18"}],"version-history":[{"count":8,"href":"https:\/\/www.spisamatbar.se\/index.php?rest_route=\/wp\/v2\/pages\/18\/revisions"}],"predecessor-version":[{"id":149,"href":"https:\/\/www.spisamatbar.se\/index.php?rest_route=\/wp\/v2\/pages\/18\/revisions\/149"}],"wp:attachment":[{"href":"https:\/\/www.spisamatbar.se\/index.php?rest_route=%2Fwp%2Fv2%2Fmedia&parent=18"}],"curies":[{"name":"wp","href":"https:\/\/api.w.org\/{rel}","templated":true}]}}