{"id":37,"date":"2019-11-27T08:15:59","date_gmt":"2019-11-27T08:15:59","guid":{"rendered":"http:\/\/www.spisamatbar.se\/?page_id=37"},"modified":"2020-02-19T14:24:30","modified_gmt":"2020-02-19T14:24:30","slug":"presentkort-aspx","status":"publish","type":"page","link":"https:\/\/www.spisamatbar.se\/?page_id=37","title":{"rendered":"Presentkort"},"content":{"rendered":"\n<p>\u00c4r du ute efter en bra och enkel present? Ett presentkort p\u00e5 restaurang \u00e4r alltid uppskattat. Du kan k\u00f6pa ett presentkort direkt hos restaurangen eller genom sidor som erbjuder presentkort fr\u00e5n flera st\u00e4llen. Till exempel kan vi <a href=\"https:\/\/g\u00e5vokort.net\/\">l\u00e4nkatill <\/a>g\u00e5vokort.net som erbjuder presentkort som passar den matintresserade men det finns \u00e4ven en massa annat att v\u00e4lja p\u00e5. Om du inte vet personens favoritrestaurang kan det vara ett b\u00e4ttre val med ett presentkort som kan anv\u00e4ndas p\u00e5 flera olika st\u00e4llen. <\/p>\n\n\n\n<figure class=\"wp-block-image size-large\"><img fetchpriority=\"high\" decoding=\"async\" width=\"1000\" height=\"350\" src=\"http:\/\/www.spisamatbar.se\/wp-content\/uploads\/2019\/12\/mat.png\" alt=\"\" class=\"wp-image-155\" srcset=\"https:\/\/www.spisamatbar.se\/wp-content\/uploads\/2019\/12\/mat.png 1000w, https:\/\/www.spisamatbar.se\/wp-content\/uploads\/2019\/12\/mat-300x105.png 300w, https:\/\/www.spisamatbar.se\/wp-content\/uploads\/2019\/12\/mat-768x269.png 768w, https:\/\/www.spisamatbar.se\/wp-content\/uploads\/2019\/12\/mat-830x291.png 830w, https:\/\/www.spisamatbar.se\/wp-content\/uploads\/2019\/12\/mat-230x81.png 230w, https:\/\/www.spisamatbar.se\/wp-content\/uploads\/2019\/12\/mat-350x123.png 350w, https:\/\/www.spisamatbar.se\/wp-content\/uploads\/2019\/12\/mat-480x168.png 480w\" sizes=\"(max-width: 1000px) 100vw, 1000px\" \/><\/figure>\n","protected":false},"excerpt":{"rendered":"<p>\u00c4r du ute efter en bra och enkel present? Ett presentkort p\u00e5 restaurang \u00e4r alltid uppskattat. Du kan k\u00f6pa ett presentkort direkt [&hellip;]<\/p>\n","protected":false},"author":1,"featured_media":0,"parent":0,"menu_order":0,"comment_status":"closed","ping_status":"closed","template":"page-templates\/page_fullwidth.php","meta":{"footnotes":""},"class_list":["post-37","page","type-page","status-publish","hentry"],"_links":{"self":[{"href":"https:\/\/www.spisamatbar.se\/index.php?rest_route=\/wp\/v2\/pages\/37","targetHints":{"allow":["GET"]}}],"collection":[{"href":"https:\/\/www.spisamatbar.se\/index.php?rest_route=\/wp\/v2\/pages"}],"about":[{"href":"https:\/\/www.spisamatbar.se\/index.php?rest_route=\/wp\/v2\/types\/page"}],"author":[{"embeddable":true,"href":"https:\/\/www.spisamatbar.se\/index.php?rest_route=\/wp\/v2\/users\/1"}],"replies":[{"embeddable":true,"href":"https:\/\/www.spisamatbar.se\/index.php?rest_route=%2Fwp%2Fv2%2Fcomments&post=37"}],"version-history":[{"count":14,"href":"https:\/\/www.spisamatbar.se\/index.php?rest_route=\/wp\/v2\/pages\/37\/revisions"}],"predecessor-version":[{"id":203,"href":"https:\/\/www.spisamatbar.se\/index.php?rest_route=\/wp\/v2\/pages\/37\/revisions\/203"}],"wp:attachment":[{"href":"https:\/\/www.spisamatbar.se\/index.php?rest_route=%2Fwp%2Fv2%2Fmedia&parent=37"}],"curies":[{"name":"wp","href":"https:\/\/api.w.org\/{rel}","templated":true}]}}