{"id":43,"date":"2019-11-27T08:27:27","date_gmt":"2019-11-27T08:27:27","guid":{"rendered":"http:\/\/www.spisamatbar.se\/?page_id=43"},"modified":"2020-02-06T09:49:56","modified_gmt":"2020-02-06T09:49:56","slug":"media","status":"publish","type":"page","link":"https:\/\/www.spisamatbar.se\/?page_id=43","title":{"rendered":"Media"},"content":{"rendered":"\n<p>\u00c4r du en matfantast s\u00e5 finns det massor av matprogram nu p\u00e5 TV. Allt fr\u00e5n k\u00e4ndisar som visar sina matkunskaper till professionella som t\u00e4vlar om titeln som den b\u00e4sta kocken. Det finns \u00e4ven en hel del dokument\u00e4rer om mat eller matlagning. <\/p>\n","protected":false},"excerpt":{"rendered":"<p>\u00c4r du en matfantast s\u00e5 finns det massor av matprogram nu p\u00e5 TV. Allt fr\u00e5n k\u00e4ndisar som visar sina matkunskaper till professionella [&hellip;]<\/p>\n","protected":false},"author":1,"featured_media":0,"parent":0,"menu_order":0,"comment_status":"closed","ping_status":"closed","template":"page-templates\/page_fullwidth.php","meta":{"footnotes":""},"class_list":["post-43","page","type-page","status-publish","hentry"],"_links":{"self":[{"href":"https:\/\/www.spisamatbar.se\/index.php?rest_route=\/wp\/v2\/pages\/43","targetHints":{"allow":["GET"]}}],"collection":[{"href":"https:\/\/www.spisamatbar.se\/index.php?rest_route=\/wp\/v2\/pages"}],"about":[{"href":"https:\/\/www.spisamatbar.se\/index.php?rest_route=\/wp\/v2\/types\/page"}],"author":[{"embeddable":true,"href":"https:\/\/www.spisamatbar.se\/index.php?rest_route=\/wp\/v2\/users\/1"}],"replies":[{"embeddable":true,"href":"https:\/\/www.spisamatbar.se\/index.php?rest_route=%2Fwp%2Fv2%2Fcomments&post=43"}],"version-history":[{"count":8,"href":"https:\/\/www.spisamatbar.se\/index.php?rest_route=\/wp\/v2\/pages\/43\/revisions"}],"predecessor-version":[{"id":195,"href":"https:\/\/www.spisamatbar.se\/index.php?rest_route=\/wp\/v2\/pages\/43\/revisions\/195"}],"wp:attachment":[{"href":"https:\/\/www.spisamatbar.se\/index.php?rest_route=%2Fwp%2Fv2%2Fmedia&parent=43"}],"curies":[{"name":"wp","href":"https:\/\/api.w.org\/{rel}","templated":true}]}}