{"id":6,"date":"2019-11-27T07:40:12","date_gmt":"2019-11-27T07:40:12","guid":{"rendered":"http:\/\/www.spisamatbar.se\/?page_id=6"},"modified":"2025-10-02T09:34:11","modified_gmt":"2025-10-02T08:34:11","slug":"home","status":"publish","type":"page","link":"https:\/\/www.spisamatbar.se\/","title":{"rendered":"Hem"},"content":{"rendered":"\n<div class=\"wp-block-cover is-light\"><img fetchpriority=\"high\" decoding=\"async\" width=\"2560\" height=\"1707\" class=\"wp-block-cover__image-background wp-image-115\" alt=\"\" src=\"http:\/\/www.spisamatbar.se\/wp-content\/uploads\/2019\/11\/jay-wennington-N_Y88TWmGwA-unsplash-scaled.jpg\" data-object-fit=\"cover\" srcset=\"https:\/\/www.spisamatbar.se\/wp-content\/uploads\/2019\/11\/jay-wennington-N_Y88TWmGwA-unsplash-scaled.jpg 2560w, https:\/\/www.spisamatbar.se\/wp-content\/uploads\/2019\/11\/jay-wennington-N_Y88TWmGwA-unsplash-300x200.jpg 300w, https:\/\/www.spisamatbar.se\/wp-content\/uploads\/2019\/11\/jay-wennington-N_Y88TWmGwA-unsplash-1024x683.jpg 1024w, https:\/\/www.spisamatbar.se\/wp-content\/uploads\/2019\/11\/jay-wennington-N_Y88TWmGwA-unsplash-768x512.jpg 768w, https:\/\/www.spisamatbar.se\/wp-content\/uploads\/2019\/11\/jay-wennington-N_Y88TWmGwA-unsplash-1536x1024.jpg 1536w, https:\/\/www.spisamatbar.se\/wp-content\/uploads\/2019\/11\/jay-wennington-N_Y88TWmGwA-unsplash-2048x1365.jpg 2048w, https:\/\/www.spisamatbar.se\/wp-content\/uploads\/2019\/11\/jay-wennington-N_Y88TWmGwA-unsplash-830x553.jpg 830w, https:\/\/www.spisamatbar.se\/wp-content\/uploads\/2019\/11\/jay-wennington-N_Y88TWmGwA-unsplash-230x153.jpg 230w, https:\/\/www.spisamatbar.se\/wp-content\/uploads\/2019\/11\/jay-wennington-N_Y88TWmGwA-unsplash-350x233.jpg 350w, https:\/\/www.spisamatbar.se\/wp-content\/uploads\/2019\/11\/jay-wennington-N_Y88TWmGwA-unsplash-480x320.jpg 480w\" sizes=\"(max-width: 2560px) 100vw, 2560px\" \/><span aria-hidden=\"true\" class=\"wp-block-cover__background has-background-dim\"><\/span><div class=\"wp-block-cover__inner-container is-layout-flow wp-block-cover-is-layout-flow\">\n<p class=\"has-text-align-center has-very-light-gray-color has-text-color has-large-font-size\">spisamatbar.se<\/p>\n<\/div><\/div>\n\n\n\n<p>Spisa Matbar var en modern restaurang i G\u00f6teborg. D\u00e4r lagades mat inspirerad av Frankrike, Spanien och Italien.<\/p>\n\n\n\n<p>De erbj\u00f6d f\u00e4rdiga menyer eller flera olika r\u00e4tter som man kunde dela med varandra.<\/p>\n\n\n\n<p>Det fanns sittplatser b\u00e5de i den l\u00e5nga matbaren eller i matsalen. En riktigt bra sak var att det alltid fanns ett par platser f\u00f6r de som ville \u00e4ta eller drick ett glas men inte hunnit boka bord.<\/p>\n\n\n\n<p>F\u00f6rutom att Spisa erbj\u00f6d mat i restaurangen hj\u00e4lpte de \u00e4ven till med catering, allt fr\u00e5n enklare ost och charkbuffeer till st\u00f6rre middagar.<\/p>\n\n\n\n<p>Spisa var mycket uppskattat vilket finns att l\u00e4sa i recensioner fr\u00e5n tidigare g\u00e4ster. Vill ni ha blommor till ert arrangemang, rekommenderar vi <a href=\"https:\/\/svenskaflorister.se\/\" data-type=\"URL\" data-id=\"https:\/\/svenskaflorister.se\/\">blomsterbudet<\/a> som \u00e4r v\u00e5r samarbetspartner. Vill man ge bort ett presentkort med middag hos oss finns det att k\u00f6pa som <a href=\"https:\/\/g\u00e5vokort.net\/product\/joyful-giftcard\/\" data-type=\"URL\" data-id=\"https:\/\/g\u00e5vokort.net\/product\/joyful-giftcard\/\">g\u00e5vokort ifr\u00e5n joyfull<\/a> hos en av v\u00e5ra partners. <\/p>\n","protected":false},"excerpt":{"rendered":"<p>Spisa Matbar var en modern restaurang i G\u00f6teborg. D\u00e4r lagades mat inspirerad av Frankrike, Spanien och Italien. De erbj\u00f6d f\u00e4rdiga menyer eller [&hellip;]<\/p>\n","protected":false},"author":1,"featured_media":0,"parent":0,"menu_order":0,"comment_status":"closed","ping_status":"closed","template":"page-templates\/page_fullwidth.php","meta":{"footnotes":""},"class_list":["post-6","page","type-page","status-publish","hentry"],"_links":{"self":[{"href":"https:\/\/www.spisamatbar.se\/index.php?rest_route=\/wp\/v2\/pages\/6","targetHints":{"allow":["GET"]}}],"collection":[{"href":"https:\/\/www.spisamatbar.se\/index.php?rest_route=\/wp\/v2\/pages"}],"about":[{"href":"https:\/\/www.spisamatbar.se\/index.php?rest_route=\/wp\/v2\/types\/page"}],"author":[{"embeddable":true,"href":"https:\/\/www.spisamatbar.se\/index.php?rest_route=\/wp\/v2\/users\/1"}],"replies":[{"embeddable":true,"href":"https:\/\/www.spisamatbar.se\/index.php?rest_route=%2Fwp%2Fv2%2Fcomments&post=6"}],"version-history":[{"count":12,"href":"https:\/\/www.spisamatbar.se\/index.php?rest_route=\/wp\/v2\/pages\/6\/revisions"}],"predecessor-version":[{"id":243,"href":"https:\/\/www.spisamatbar.se\/index.php?rest_route=\/wp\/v2\/pages\/6\/revisions\/243"}],"wp:attachment":[{"href":"https:\/\/www.spisamatbar.se\/index.php?rest_route=%2Fwp%2Fv2%2Fmedia&parent=6"}],"curies":[{"name":"wp","href":"https:\/\/api.w.org\/{rel}","templated":true}]}}