{"id":71,"date":"2019-11-27T08:45:04","date_gmt":"2019-11-27T08:45:04","guid":{"rendered":"http:\/\/www.spisamatbar.se\/?page_id=71"},"modified":"2019-12-20T09:32:34","modified_gmt":"2019-12-20T09:32:34","slug":"catering-eller-avhamtning","status":"publish","type":"page","link":"https:\/\/www.spisamatbar.se\/?page_id=71","title":{"rendered":"Catering och Avh\u00e4mtning"},"content":{"rendered":"\n<div class=\"wp-block-image\"><figure class=\"alignright size-large is-resized\"><img fetchpriority=\"high\" decoding=\"async\" src=\"http:\/\/www.spisamatbar.se\/wp-content\/uploads\/2019\/11\/nathan-dumlao-X_bbCAYzlTs-unsplash-1024x683.jpg\" alt=\"\" class=\"wp-image-121\" width=\"296\" height=\"196\" srcset=\"https:\/\/www.spisamatbar.se\/wp-content\/uploads\/2019\/11\/nathan-dumlao-X_bbCAYzlTs-unsplash-1024x683.jpg 1024w, https:\/\/www.spisamatbar.se\/wp-content\/uploads\/2019\/11\/nathan-dumlao-X_bbCAYzlTs-unsplash-300x200.jpg 300w, https:\/\/www.spisamatbar.se\/wp-content\/uploads\/2019\/11\/nathan-dumlao-X_bbCAYzlTs-unsplash-768x512.jpg 768w, https:\/\/www.spisamatbar.se\/wp-content\/uploads\/2019\/11\/nathan-dumlao-X_bbCAYzlTs-unsplash-1536x1024.jpg 1536w, https:\/\/www.spisamatbar.se\/wp-content\/uploads\/2019\/11\/nathan-dumlao-X_bbCAYzlTs-unsplash-2048x1365.jpg 2048w, https:\/\/www.spisamatbar.se\/wp-content\/uploads\/2019\/11\/nathan-dumlao-X_bbCAYzlTs-unsplash-830x553.jpg 830w, https:\/\/www.spisamatbar.se\/wp-content\/uploads\/2019\/11\/nathan-dumlao-X_bbCAYzlTs-unsplash-230x153.jpg 230w, https:\/\/www.spisamatbar.se\/wp-content\/uploads\/2019\/11\/nathan-dumlao-X_bbCAYzlTs-unsplash-350x233.jpg 350w, https:\/\/www.spisamatbar.se\/wp-content\/uploads\/2019\/11\/nathan-dumlao-X_bbCAYzlTs-unsplash-480x320.jpg 480w\" sizes=\"(max-width: 296px) 100vw, 296px\" \/><\/figure><\/div>\n\n\n\n<p>Spisa Matbar har som n\u00e4mnt st\u00e4ngt men det finns flera andra restauranger och f\u00f6retag som erbjuder catering och avh\u00e4mtning.  Det finns \u00e4ven sidor som erbjuder hemk\u00f6rning av mat fr\u00e5n flera olika restauranger. <\/p>\n\n\n\n<p>Ska man ha en stor fest s\u00e5 kan det vara sk\u00f6nt med n\u00e5gon annan som sk\u00f6ter maten. D\u00e5 \u00e4r catering det sj\u00e4lvklara valet. Det finns massor att v\u00e4lja mellan s\u00e5 det \u00e4r bara att komma p\u00e5 vilken typ av mat ni vill bjuda p\u00e5. <\/p>\n","protected":false},"excerpt":{"rendered":"<p>Spisa Matbar har som n\u00e4mnt st\u00e4ngt men det finns flera andra restauranger och f\u00f6retag som erbjuder catering och avh\u00e4mtning. Det finns \u00e4ven [&hellip;]<\/p>\n","protected":false},"author":1,"featured_media":0,"parent":0,"menu_order":0,"comment_status":"closed","ping_status":"closed","template":"page-templates\/page_fullwidth.php","meta":{"footnotes":""},"class_list":["post-71","page","type-page","status-publish","hentry"],"_links":{"self":[{"href":"https:\/\/www.spisamatbar.se\/index.php?rest_route=\/wp\/v2\/pages\/71","targetHints":{"allow":["GET"]}}],"collection":[{"href":"https:\/\/www.spisamatbar.se\/index.php?rest_route=\/wp\/v2\/pages"}],"about":[{"href":"https:\/\/www.spisamatbar.se\/index.php?rest_route=\/wp\/v2\/types\/page"}],"author":[{"embeddable":true,"href":"https:\/\/www.spisamatbar.se\/index.php?rest_route=\/wp\/v2\/users\/1"}],"replies":[{"embeddable":true,"href":"https:\/\/www.spisamatbar.se\/index.php?rest_route=%2Fwp%2Fv2%2Fcomments&post=71"}],"version-history":[{"count":8,"href":"https:\/\/www.spisamatbar.se\/index.php?rest_route=\/wp\/v2\/pages\/71\/revisions"}],"predecessor-version":[{"id":175,"href":"https:\/\/www.spisamatbar.se\/index.php?rest_route=\/wp\/v2\/pages\/71\/revisions\/175"}],"wp:attachment":[{"href":"https:\/\/www.spisamatbar.se\/index.php?rest_route=%2Fwp%2Fv2%2Fmedia&parent=71"}],"curies":[{"name":"wp","href":"https:\/\/api.w.org\/{rel}","templated":true}]}}