{"id":91,"date":"2019-11-27T13:14:20","date_gmt":"2019-11-27T13:14:20","guid":{"rendered":"http:\/\/www.spisamatbar.se\/?page_id=91"},"modified":"2020-05-07T14:20:06","modified_gmt":"2020-05-07T13:20:06","slug":"jobba-har","status":"publish","type":"page","link":"https:\/\/www.spisamatbar.se\/?page_id=91","title":{"rendered":"Starta eget"},"content":{"rendered":"\t\t<div data-elementor-type=\"wp-page\" data-elementor-id=\"91\" class=\"elementor elementor-91\">\n\t\t\t\t\t\t<section class=\"elementor-section elementor-top-section elementor-element elementor-element-7e19fad0 elementor-section-boxed elementor-section-height-default elementor-section-height-default\" data-id=\"7e19fad0\" data-element_type=\"section\">\n\t\t\t\t\t\t<div class=\"elementor-container elementor-column-gap-default\">\n\t\t\t\t\t<div class=\"elementor-column elementor-col-100 elementor-top-column elementor-element elementor-element-fb0bdba\" data-id=\"fb0bdba\" data-element_type=\"column\">\n\t\t\t<div class=\"elementor-widget-wrap elementor-element-populated\">\n\t\t\t\t\t\t<div class=\"elementor-element elementor-element-68bd7a11 elementor-widget elementor-widget-text-editor\" data-id=\"68bd7a11\" data-element_type=\"widget\" data-widget_type=\"text-editor.default\">\n\t\t\t\t<div class=\"elementor-widget-container\">\n\t\t\t\t\t\t\t\t\t<p><\/p>\n<h3 class=\"wp-block-heading\">Funderar du p\u00e5 att starta egen restaurang?<\/h3>\n<p><\/p>\n<p><\/p>\n<div class=\"wp-block-image\">\n<figure class=\"alignleft size-large is-resized\"><img fetchpriority=\"high\" decoding=\"async\" class=\"wp-image-116\" src=\"http:\/\/www.spisamatbar.se\/wp-content\/uploads\/2019\/11\/jay-wennington-N_Y88TWmGwA-unsplash-1-1024x683.jpg\" alt=\"\" width=\"302\" height=\"201\" srcset=\"https:\/\/www.spisamatbar.se\/wp-content\/uploads\/2019\/11\/jay-wennington-N_Y88TWmGwA-unsplash-1-1024x683.jpg 1024w, https:\/\/www.spisamatbar.se\/wp-content\/uploads\/2019\/11\/jay-wennington-N_Y88TWmGwA-unsplash-1-300x200.jpg 300w, https:\/\/www.spisamatbar.se\/wp-content\/uploads\/2019\/11\/jay-wennington-N_Y88TWmGwA-unsplash-1-768x512.jpg 768w, https:\/\/www.spisamatbar.se\/wp-content\/uploads\/2019\/11\/jay-wennington-N_Y88TWmGwA-unsplash-1-1536x1024.jpg 1536w, https:\/\/www.spisamatbar.se\/wp-content\/uploads\/2019\/11\/jay-wennington-N_Y88TWmGwA-unsplash-1-2048x1365.jpg 2048w, https:\/\/www.spisamatbar.se\/wp-content\/uploads\/2019\/11\/jay-wennington-N_Y88TWmGwA-unsplash-1-830x553.jpg 830w, https:\/\/www.spisamatbar.se\/wp-content\/uploads\/2019\/11\/jay-wennington-N_Y88TWmGwA-unsplash-1-230x153.jpg 230w, https:\/\/www.spisamatbar.se\/wp-content\/uploads\/2019\/11\/jay-wennington-N_Y88TWmGwA-unsplash-1-350x233.jpg 350w, https:\/\/www.spisamatbar.se\/wp-content\/uploads\/2019\/11\/jay-wennington-N_Y88TWmGwA-unsplash-1-480x320.jpg 480w\" sizes=\"(max-width: 302px) 100vw, 302px\" \/><\/figure>\n<\/div>\n<p><\/p>\n<p><\/p>\n<p>Vid uppstart av restaurang finns mycket att t\u00e4nka p\u00e5. L\u00e4gg ner mycket tid innan p\u00e5 att f\u00f6rbereda och unders\u00f6ka marknaden innan du g\u00e5r vidare till n\u00e4sta steg.\u00a0<\/p>\n<p>N\u00e4r man startar en restaurang \u00e4r det mycket att t\u00e4nka p\u00e5 och mycket kostnader som tillkommer speciellt i uppstartsfasen. Du beh\u00f6ver betala f\u00f6r lokal, inredning, hantverkare etcetera. Detta innan ens kunderna kan bes\u00f6ka din restaurang. D\u00e4rf\u00f6r \u00e4r det viktigt att ha koll p\u00e5 sin finansiering. R\u00e4kna noga p\u00e5 hur mycket ni planerar att renovera eller bygga om innan ni kan k\u00f6ra ig\u00e5ng. Vad beh\u00f6ver ni f\u00f6r m\u00f6bler, inredning och ska ni ha uteservering. Varje lite detalj kostar och beh\u00f6ver tas med i ber\u00e4kningen. D\u00e4refter b\u00f6r en grundlig ber\u00e4kning g\u00f6ra f\u00f6r de kostnader och int\u00e4kter ni r\u00e4knar med att f\u00e5 n\u00e4r ni v\u00e4l har \u00f6ppnat restaurangen. Detta f\u00f6r att kunna g\u00f6ra en skattning om er restaurang ber\u00e4knas bli l\u00f6nsam. Gl\u00f6m inte att ta med alla kostnader s\u00e5v\u00e4l som matvaror, dryck och st\u00e4dning av lokalerna. Det \u00e4r v\u00e4ldigt viktigt att ha en bra st\u00e4dning n\u00e4r det kommer till en restaurang. D\u00e5lig st\u00e4dning kan i f\u00f6rl\u00e4ngningen leda till att ni m\u00e5ste st\u00e4nga ner er restaurang. Vi rekomenderar <a href=\"https:\/\/tommyshushallsnara.se\/\">tommys hush\u00e5llsn\u00e4ra<\/a> om ni \u00f6nskar en professionell st\u00e4dfirma i Stockholm.\u00a0<\/p>\n<p>De allra flesta beh\u00f6ver ta ett l\u00e5n f\u00f6r att kunna starta upp sin verksamhet och n\u00e4r du kommer till det steget kan du hitta <a href=\"https:\/\/xn--snabbafretagsln-ulb5z.se\/\">snabba f\u00f6retagsl\u00e5n h\u00e4r<\/a>.<!--StartFragment--><\/p>\n<p><\/p>\t\t\t\t\t\t\t\t<\/div>\n\t\t\t\t<\/div>\n\t\t\t\t\t<\/div>\n\t\t<\/div>\n\t\t\t\t\t<\/div>\n\t\t<\/section>\n\t\t\t\t<\/div>\n\t\t","protected":false},"excerpt":{"rendered":"<p>Funderar du p\u00e5 att starta egen restaurang? Vid uppstart av restaurang finns mycket att t\u00e4nka p\u00e5. L\u00e4gg ner mycket tid innan p\u00e5 [&hellip;]<\/p>\n","protected":false},"author":1,"featured_media":0,"parent":0,"menu_order":0,"comment_status":"closed","ping_status":"closed","template":"page-templates\/page_fullwidth.php","meta":{"footnotes":""},"class_list":["post-91","page","type-page","status-publish","hentry"],"_links":{"self":[{"href":"https:\/\/www.spisamatbar.se\/index.php?rest_route=\/wp\/v2\/pages\/91","targetHints":{"allow":["GET"]}}],"collection":[{"href":"https:\/\/www.spisamatbar.se\/index.php?rest_route=\/wp\/v2\/pages"}],"about":[{"href":"https:\/\/www.spisamatbar.se\/index.php?rest_route=\/wp\/v2\/types\/page"}],"author":[{"embeddable":true,"href":"https:\/\/www.spisamatbar.se\/index.php?rest_route=\/wp\/v2\/users\/1"}],"replies":[{"embeddable":true,"href":"https:\/\/www.spisamatbar.se\/index.php?rest_route=%2Fwp%2Fv2%2Fcomments&post=91"}],"version-history":[{"count":9,"href":"https:\/\/www.spisamatbar.se\/index.php?rest_route=\/wp\/v2\/pages\/91\/revisions"}],"predecessor-version":[{"id":205,"href":"https:\/\/www.spisamatbar.se\/index.php?rest_route=\/wp\/v2\/pages\/91\/revisions\/205"}],"wp:attachment":[{"href":"https:\/\/www.spisamatbar.se\/index.php?rest_route=%2Fwp%2Fv2%2Fmedia&parent=91"}],"curies":[{"name":"wp","href":"https:\/\/api.w.org\/{rel}","templated":true}]}}